{"id":52,"date":"2026-02-03T07:22:05","date_gmt":"2026-02-03T07:22:05","guid":{"rendered":"https:\/\/brech-citoyenne.bzh\/?page_id=52"},"modified":"2026-02-03T07:29:00","modified_gmt":"2026-02-03T07:29:00","slug":"mentions-legales","status":"publish","type":"page","link":"https:\/\/brech-citoyenne.bzh\/index.php\/mentions-legales\/","title":{"rendered":"Mentions l\u00e9gales"},"content":{"rendered":"\n<h3 class=\"wp-block-heading\">1. Pr\u00e9sentation du site<\/h3>\n\n\n\n<p>En vertu de l&rsquo;article 6 de la loi n\u00b0 2004-575 du 21 juin 2004 pour la confiance dans l&rsquo;\u00e9conomie num\u00e9rique, il est pr\u00e9cis\u00e9 aux utilisateurs du site&nbsp;<strong>brech-citoyenne.bzh<\/strong>&nbsp;l&rsquo;identit\u00e9 des diff\u00e9rents intervenants dans le cadre de sa r\u00e9alisation et de son suivi :<\/p>\n\n\n\n<ul class=\"wp-block-list\">\n<li><strong>Propri\u00e9taire \/ \u00c9diteur<\/strong>\u00a0: Collectif Brec\u2019h Citoyenne<\/li>\n\n\n\n<li><strong>Adresse<\/strong>\u00a0: 56400 Brec&rsquo;h<\/li>\n\n\n\n<li><strong>Directeur de la publication<\/strong>\u00a0: Tugdual Gauter<\/li>\n<\/ul>\n\n\n\n<h3 class=\"wp-block-heading\">2. H\u00e9bergement<\/h3>\n\n\n\n<p>Le site est h\u00e9berg\u00e9 par la soci\u00e9t\u00e9&nbsp;<strong>OVH<\/strong>&nbsp;:<\/p>\n\n\n\n<ul class=\"wp-block-list\">\n<li><strong>Raison sociale<\/strong>\u00a0: OVH SAS<\/li>\n\n\n\n<li><strong>Si\u00e8ge social<\/strong>\u00a0: 2 rue Kellermann &#8211; 59100 Roubaix &#8211; France<\/li>\n\n\n\n<li><strong>Site web<\/strong>\u00a0:\u00a0<a href=\"https:\/\/www.ovh.com\/\" target=\"_blank\" rel=\"noreferrer noopener\">www.ovh.com<\/a><\/li>\n<\/ul>\n\n\n\n<h3 class=\"wp-block-heading\">3. Propri\u00e9t\u00e9 intellectuelle et contrefa\u00e7ons<\/h3>\n\n\n\n<p>Le&nbsp;<strong>Collectif Brec\u2019h Citoyenne<\/strong>&nbsp;est propri\u00e9taire des droits de propri\u00e9t\u00e9 intellectuelle ou d\u00e9tient les droits d\u2019usage sur tous les \u00e9l\u00e9ments accessibles sur le site, notamment les textes, images, graphismes, logo, ic\u00f4nes, sons, logiciels.<\/p>\n\n\n\n<p>Toute reproduction, repr\u00e9sentation, modification, publication, adaptation de tout ou partie des \u00e9l\u00e9ments du site, quel que soit le moyen ou le proc\u00e9d\u00e9 utilis\u00e9, est interdite, sauf autorisation \u00e9crite pr\u00e9alable du collectif.<\/p>\n\n\n\n<h3 class=\"wp-block-heading\">4. Limitation de responsabilit\u00e9<\/h3>\n\n\n\n<p>Le collectif ne pourra \u00eatre tenu responsable des dommages directs et indirects caus\u00e9s au mat\u00e9riel de l\u2019utilisateur lors de l\u2019acc\u00e8s au site. Le site peut contenir des liens vers d&rsquo;autres sites ; le collectif n&rsquo;assume aucune responsabilit\u00e9 quant au contenu de ces sites tiers.<\/p>\n\n\n\n<h3 class=\"wp-block-heading\">5. Protection des donn\u00e9es personnelles (RGPD)<\/h3>\n\n\n\n<p>De mani\u00e8re g\u00e9n\u00e9rale, vous pouvez visiter notre site sans avoir \u00e0 d\u00e9cliner votre identit\u00e9. Toutefois, si vous utilisez un formulaire de contact, les donn\u00e9es collect\u00e9es (nom, email) ne sont utilis\u00e9es que pour r\u00e9pondre \u00e0 votre demande et ne sont jamais c\u00e9d\u00e9es \u00e0 des tiers.<\/p>\n\n\n\n<p>Conform\u00e9ment au RGPD, vous disposez d&rsquo;un droit d&rsquo;acc\u00e8s, de rectification et de suppression des donn\u00e9es vous concernant. Pour l&rsquo;exercer, contactez l&rsquo;\u00e9diteur \u00e0 l&rsquo;adresse mentionn\u00e9e ci-dessus.<\/p>\n\n\n\n<h3 class=\"wp-block-heading\">6. Droit applicable et attribution de juridiction<\/h3>\n\n\n\n<p>Tout litige en relation avec l\u2019utilisation du site&nbsp;<strong>brech-citoyenne.bzh<\/strong>&nbsp;est soumis au droit fran\u00e7ais. Il est fait attribution exclusive de juridiction aux tribunaux comp\u00e9tents de&nbsp;<strong>Vannes<\/strong>.<\/p>\n\n\n\n<hr class=\"wp-block-separator has-alpha-channel-opacity\"\/>\n\n\n\n<ul class=\"wp-block-list\"><\/ul>\n\n\n\n<p><\/p>\n","protected":false},"excerpt":{"rendered":"<p>1. Pr\u00e9sentation du site En vertu de l&rsquo;article 6 de la loi n\u00b0 2004-575 du 21 juin 2004 pour la [&hellip;]<\/p>\n","protected":false},"author":1,"featured_media":0,"parent":0,"menu_order":0,"comment_status":"closed","ping_status":"closed","template":"","meta":{"_uag_custom_page_level_css":"","site-sidebar-layout":"default","site-content-layout":"","ast-site-content-layout":"default","site-content-style":"default","site-sidebar-style":"default","ast-global-header-display":"","ast-banner-title-visibility":"","ast-main-header-display":"","ast-hfb-above-header-display":"","ast-hfb-below-header-display":"","ast-hfb-mobile-header-display":"","site-post-title":"","ast-breadcrumbs-content":"","ast-featured-img":"","footer-sml-layout":"","ast-disable-related-posts":"","theme-transparent-header-meta":"","adv-header-id-meta":"","stick-header-meta":"","header-above-stick-meta":"","header-main-stick-meta":"","header-below-stick-meta":"","astra-migrate-meta-layouts":"default","ast-page-background-enabled":"default","ast-page-background-meta":{"desktop":{"background-color":"var(--ast-global-color-5)","background-image":"","background-repeat":"repeat","background-position":"center center","background-size":"auto","background-attachment":"scroll","background-type":"","background-media":"","overlay-type":"","overlay-color":"","overlay-opacity":"","overlay-gradient":""},"tablet":{"background-color":"","background-image":"","background-repeat":"repeat","background-position":"center center","background-size":"auto","background-attachment":"scroll","background-type":"","background-media":"","overlay-type":"","overlay-color":"","overlay-opacity":"","overlay-gradient":""},"mobile":{"background-color":"","background-image":"","background-repeat":"repeat","background-position":"center center","background-size":"auto","background-attachment":"scroll","background-type":"","background-media":"","overlay-type":"","overlay-color":"","overlay-opacity":"","overlay-gradient":""}},"ast-content-background-meta":{"desktop":{"background-color":"var(--ast-global-color-4)","background-image":"","background-repeat":"repeat","background-position":"center center","background-size":"auto","background-attachment":"scroll","background-type":"","background-media":"","overlay-type":"","overlay-color":"","overlay-opacity":"","overlay-gradient":""},"tablet":{"background-color":"var(--ast-global-color-4)","background-image":"","background-repeat":"repeat","background-position":"center center","background-size":"auto","background-attachment":"scroll","background-type":"","background-media":"","overlay-type":"","overlay-color":"","overlay-opacity":"","overlay-gradient":""},"mobile":{"background-color":"var(--ast-global-color-4)","background-image":"","background-repeat":"repeat","background-position":"center center","background-size":"auto","background-attachment":"scroll","background-type":"","background-media":"","overlay-type":"","overlay-color":"","overlay-opacity":"","overlay-gradient":""}},"footnotes":""},"class_list":["post-52","page","type-page","status-publish","hentry"],"uagb_featured_image_src":{"full":false,"thumbnail":false,"medium":false,"medium_large":false,"large":false,"1536x1536":false,"2048x2048":false},"uagb_author_info":{"display_name":"admin9335","author_link":"https:\/\/brech-citoyenne.bzh\/index.php\/author\/admin9335\/"},"uagb_comment_info":0,"uagb_excerpt":"1. Pr\u00e9sentation du site En vertu de l&rsquo;article 6 de la loi n\u00b0 2004-575 du 21 juin 2004 pour la [&hellip;]","_links":{"self":[{"href":"https:\/\/brech-citoyenne.bzh\/index.php\/wp-json\/wp\/v2\/pages\/52","targetHints":{"allow":["GET"]}}],"collection":[{"href":"https:\/\/brech-citoyenne.bzh\/index.php\/wp-json\/wp\/v2\/pages"}],"about":[{"href":"https:\/\/brech-citoyenne.bzh\/index.php\/wp-json\/wp\/v2\/types\/page"}],"author":[{"embeddable":true,"href":"https:\/\/brech-citoyenne.bzh\/index.php\/wp-json\/wp\/v2\/users\/1"}],"replies":[{"embeddable":true,"href":"https:\/\/brech-citoyenne.bzh\/index.php\/wp-json\/wp\/v2\/comments?post=52"}],"version-history":[{"count":3,"href":"https:\/\/brech-citoyenne.bzh\/index.php\/wp-json\/wp\/v2\/pages\/52\/revisions"}],"predecessor-version":[{"id":74,"href":"https:\/\/brech-citoyenne.bzh\/index.php\/wp-json\/wp\/v2\/pages\/52\/revisions\/74"}],"wp:attachment":[{"href":"https:\/\/brech-citoyenne.bzh\/index.php\/wp-json\/wp\/v2\/media?parent=52"}],"curies":[{"name":"wp","href":"https:\/\/api.w.org\/{rel}","templated":true}]}}